{"id":1630,"date":"2020-05-06T15:18:37","date_gmt":"2020-05-06T13:18:37","guid":{"rendered":"https:\/\/lavoirie.ch\/ort\/"},"modified":"2024-11-26T10:14:10","modified_gmt":"2024-11-26T09:14:10","slug":"ort","status":"publish","type":"page","link":"https:\/\/lavoirie.ch\/de\/ort\/","title":{"rendered":"Ort"},"content":{"rendered":"\t\t<div data-elementor-type=\"wp-page\" data-elementor-id=\"1630\" class=\"elementor elementor-1630 elementor-243\" data-elementor-post-type=\"page\">\n\t\t\t\t\t\t<section class=\"elementor-section elementor-top-section elementor-element elementor-element-10d4bcb elementor-section-boxed elementor-section-height-default elementor-section-height-default\" data-id=\"10d4bcb\" data-element_type=\"section\" data-e-type=\"section\">\n\t\t\t\t\t\t<div class=\"elementor-container elementor-column-gap-default\">\n\t\t\t\t\t<div class=\"elementor-column elementor-col-100 elementor-top-column elementor-element elementor-element-79ca111\" data-id=\"79ca111\" data-element_type=\"column\" data-e-type=\"column\">\n\t\t\t<div class=\"elementor-widget-wrap elementor-element-populated\">\n\t\t\t\t\t\t<div class=\"elementor-element elementor-element-497c786 elementor-arrows-position-inside elementor-widget elementor-widget-image-carousel\" data-id=\"497c786\" data-element_type=\"widget\" data-e-type=\"widget\" data-settings=\"{&quot;slides_to_show&quot;:&quot;1&quot;,&quot;navigation&quot;:&quot;arrows&quot;,&quot;autoplay&quot;:&quot;no&quot;,&quot;infinite&quot;:&quot;yes&quot;,&quot;effect&quot;:&quot;slide&quot;,&quot;speed&quot;:500}\" data-widget_type=\"image-carousel.default\">\n\t\t\t\t<div class=\"elementor-widget-container\">\n\t\t\t\t\t\t\t<div class=\"elementor-image-carousel-wrapper swiper\" role=\"region\" aria-roledescription=\"carousel\" aria-label=\"Bild Karussell\" dir=\"ltr\">\n\t\t\t<div class=\"elementor-image-carousel swiper-wrapper\" aria-live=\"polite\">\n\t\t\t\t\t\t\t\t<div class=\"swiper-slide\" role=\"group\" aria-roledescription=\"slide\" aria-label=\"1 von 4\"><figure class=\"swiper-slide-inner\"><img decoding=\"async\" class=\"swiper-slide-image\" src=\"https:\/\/lavoirie.ch\/wp-content\/uploads\/2020\/03\/20190128-stadt-biel-kulturgebaeude-30786-0082-by-fotostudio-ph7-stefan-hofmann-by-stefan-hofmann-fotostudio-ph7_WEB.jpg\" alt=\"20190128-stadt-biel-kulturgebaeude-30786-0082-by-fotostudio-ph7-stefan-hofmann-by-stefan-hofmann-fotostudio-ph7_WEB\" \/><\/figure><\/div><div class=\"swiper-slide\" role=\"group\" aria-roledescription=\"slide\" aria-label=\"2 von 4\"><figure class=\"swiper-slide-inner\"><img decoding=\"async\" class=\"swiper-slide-image\" src=\"https:\/\/lavoirie.ch\/wp-content\/uploads\/2020\/03\/20190128-stadt-biel-kulturgebaeude30731-0073-by-fotostudio-ph7-stefan-hofmann-by-stefan-hofmann-fotostudio-ph7_WEB.jpg\" alt=\"20190128-stadt-biel-kulturgebaeude30731-0073-by-fotostudio-ph7-stefan-hofmann-by-stefan-hofmann-fotostudio-ph7_WEB\" \/><\/figure><\/div><div class=\"swiper-slide\" role=\"group\" aria-roledescription=\"slide\" aria-label=\"3 von 4\"><figure class=\"swiper-slide-inner\"><img decoding=\"async\" class=\"swiper-slide-image\" src=\"https:\/\/lavoirie.ch\/wp-content\/uploads\/2020\/03\/20190128-stadt-biel-kulturgebaeude30715-0070-by-fotostudio-ph7-stefan-hofmann-by-stefan-hofmann-fotostudio-ph7_WEB.jpg\" alt=\"20190128-stadt-biel-kulturgebaeude30715-0070-by-fotostudio-ph7-stefan-hofmann-by-stefan-hofmann-fotostudio-ph7_WEB\" \/><\/figure><\/div><div class=\"swiper-slide\" role=\"group\" aria-roledescription=\"slide\" aria-label=\"4 von 4\"><figure class=\"swiper-slide-inner\"><img decoding=\"async\" class=\"swiper-slide-image\" src=\"https:\/\/lavoirie.ch\/wp-content\/uploads\/2020\/07\/Voirie_Licht_2020_bearbeitet.png\" alt=\"Voirie_Licht_2020_bearbeitet\" \/><\/figure><\/div>\t\t\t<\/div>\n\t\t\t\t\t\t\t\t\t\t\t\t<div class=\"elementor-swiper-button elementor-swiper-button-prev\" role=\"button\" tabindex=\"0\">\n\t\t\t\t\t\t<i aria-hidden=\"true\" class=\"eicon-chevron-left\"><\/i>\t\t\t\t\t<\/div>\n\t\t\t\t\t<div class=\"elementor-swiper-button elementor-swiper-button-next\" role=\"button\" tabindex=\"0\">\n\t\t\t\t\t\t<i aria-hidden=\"true\" class=\"eicon-chevron-right\"><\/i>\t\t\t\t\t<\/div>\n\t\t\t\t\n\t\t\t\t\t\t\t\t\t<\/div>\n\t\t\t\t\t\t<\/div>\n\t\t\t\t<\/div>\n\t\t\t\t<div class=\"elementor-element elementor-element-5dff0d8 textcolor elementor-widget elementor-widget-heading\" data-id=\"5dff0d8\" data-element_type=\"widget\" data-e-type=\"widget\" data-widget_type=\"heading.default\">\n\t\t\t\t<div class=\"elementor-widget-container\">\n\t\t\t\t\t<h2 class=\"elementor-heading-title elementor-size-default\">M\u00f6chten Sie die Voirie f\u00fcr eine Kulturveranstaltung mieten?<\/h2>\t\t\t\t<\/div>\n\t\t\t\t<\/div>\n\t\t\t\t<div class=\"elementor-element elementor-element-83a9c5a textcolor elementor-widget elementor-widget-text-editor\" data-id=\"83a9c5a\" data-element_type=\"widget\" data-e-type=\"widget\" data-widget_type=\"text-editor.default\">\n\t\t\t\t<div class=\"elementor-widget-container\">\n\t\t\t\t\t\t\t\t\t<p>Die Voirie kann von professionellen oder semi-professionellen Kulturschaffenden und kulturellen Organisationen f\u00fcr \u00f6ffentliche Veranstaltungen (Kunstausstellungen, Lesungen, Konzerte usw.) gemietet werden.<\/p>\n<p>Pr\u00fcfen Sie <span style=\"text-decoration: underline;\"><a href=\"https:\/\/gelore.biel-bienne.ch\/app\/gelore2_25\/DBP_GEWEB_FORM.affFormDetail?myPiSocId=4&amp;myPiCheck=3130414448&amp;myPiMode=52420&amp;myPiLang=DE&amp;myPiObjId=3185\">hier<\/a><\/span> die Verf\u00fcgbarkeit des Veranstaltungsraums und reichen Sie Ihre Anfrage mittels elektronischem Formular bis sp\u00e4testens 30 Tage vor Veranstaltungsbeginn ein. Die Voirie kann max. 2 Jahre im Voraus reserviert werden. Der Reservationsanfrage m\u00fcssen zwingend ein Projektdossier mit einer Beschreibung der im Raum vorgesehenen Aktivit\u00e4ten, sowie die Lebensl\u00e4ufe der Kulturschaffenden beigef\u00fcgt werden.<\/p>\n<p>Beachten Sie dazu ebenfalls die <span style=\"text-decoration: underline;\"><a href=\"https:\/\/lavoirie.ch\/wp-content\/uploads\/2024\/11\/2024-06-05_Benutzungsordnung_La_Voirie-2.pdf\">Benutzungsordnung<\/a>.<\/span><\/p>\n<p>F\u00fcr die Vermietung des Veranstaltungsraums ist die Dienststelle f\u00fcr Kultur zust\u00e4ndig, sie entscheidet \u00fcber die Zuteilung und beh\u00e4lt sich vor, Reservationen abzulehnen, die nicht den Nutzungsbedingungen entsprechen.<\/p>\n<p><strong>M\u00f6chten Sie, dass Ihre Veranstaltung in der Voirie auf der Website und den Facebook- und Instagram-Seiten des Veranstaltungsortes geteilt wird?<\/strong><\/p>\n<p>Alle Informationen dazu finden Sie\u00a0<span style=\"text-decoration: underline;\"><a href=\"https:\/\/lavoirie.ch\/wp-content\/uploads\/2024\/05\/Veranstaltungskommunikation-in-der-Voirie-2024.pdf\">hier<\/a>.<\/span><\/p>\n<p><strong>F\u00fcr weitere Informationen:<\/strong><\/p>\n<p>Dienststelle f\u00fcr Kultur<br \/>\nZentralstrasse 60<br \/>\n2502 Biel<br \/>\n032 326 14 04<br \/>\n<a href=\"mailto:kultur.culture@biel-bienne.ch\">kultur.culture@biel-bienne.ch<\/a><\/p>\n\t\t\t\t\t\t\t\t<\/div>\n\t\t\t\t<\/div>\n\t\t\t\t\t<\/div>\n\t\t<\/div>\n\t\t\t\t\t<\/div>\n\t\t<\/section>\n\t\t\t\t<\/div>\n\t\t","protected":false},"excerpt":{"rendered":"<p>M\u00f6chten Sie die Voirie f\u00fcr eine Kulturveranstaltung mieten? Die Voirie kann von professionellen oder semi-professionellen Kulturschaffenden und kulturellen Organisationen f\u00fcr \u00f6ffentliche Veranstaltungen (Kunstausstellungen, Lesungen, Konzerte usw.) gemietet werden. Pr\u00fcfen Sie hier die Verf\u00fcgbarkeit des Veranstaltungsraums und reichen Sie Ihre Anfrage mittels elektronischem Formular bis sp\u00e4testens 30 Tage vor Veranstaltungsbeginn ein. Die Voirie kann max. 2 &hellip; <a href=\"https:\/\/lavoirie.ch\/de\/ort\/\">Continued<\/a><\/p>\n","protected":false},"author":1,"featured_media":0,"parent":0,"menu_order":0,"comment_status":"closed","ping_status":"closed","template":"","meta":{"_acf_changed":false,"footnotes":""},"class_list":["post-1630","page","type-page","status-publish","hentry"],"acf":[],"_links":{"self":[{"href":"https:\/\/lavoirie.ch\/de\/wp-json\/wp\/v2\/pages\/1630","targetHints":{"allow":["GET"]}}],"collection":[{"href":"https:\/\/lavoirie.ch\/de\/wp-json\/wp\/v2\/pages"}],"about":[{"href":"https:\/\/lavoirie.ch\/de\/wp-json\/wp\/v2\/types\/page"}],"author":[{"embeddable":true,"href":"https:\/\/lavoirie.ch\/de\/wp-json\/wp\/v2\/users\/1"}],"replies":[{"embeddable":true,"href":"https:\/\/lavoirie.ch\/de\/wp-json\/wp\/v2\/comments?post=1630"}],"version-history":[{"count":47,"href":"https:\/\/lavoirie.ch\/de\/wp-json\/wp\/v2\/pages\/1630\/revisions"}],"predecessor-version":[{"id":6642,"href":"https:\/\/lavoirie.ch\/de\/wp-json\/wp\/v2\/pages\/1630\/revisions\/6642"}],"wp:attachment":[{"href":"https:\/\/lavoirie.ch\/de\/wp-json\/wp\/v2\/media?parent=1630"}],"curies":[{"name":"wp","href":"https:\/\/api.w.org\/{rel}","templated":true}]}}