{"id":1688,"date":"2020-05-07T10:58:28","date_gmt":"2020-05-07T08:58:28","guid":{"rendered":"https:\/\/lavoirie.ch\/deutsch\/"},"modified":"2024-07-08T16:55:26","modified_gmt":"2024-07-08T14:55:26","slug":"deutsch","status":"publish","type":"page","link":"https:\/\/lavoirie.ch\/de\/deutsch\/","title":{"rendered":"Rechtliche Hinweise"},"content":{"rendered":"\t\t<div data-elementor-type=\"wp-page\" data-elementor-id=\"1688\" class=\"elementor elementor-1688 elementor-1655\" data-elementor-post-type=\"page\">\n\t\t\t\t\t\t<section class=\"elementor-section elementor-top-section elementor-element elementor-element-62854db elementor-section-full_width elementor-section-height-default elementor-section-height-default\" data-id=\"62854db\" data-element_type=\"section\" data-e-type=\"section\">\n\t\t\t\t\t\t<div class=\"elementor-container elementor-column-gap-default\">\n\t\t\t\t\t<div class=\"elementor-column elementor-col-100 elementor-top-column elementor-element elementor-element-3bcdb9e\" data-id=\"3bcdb9e\" data-element_type=\"column\" data-e-type=\"column\">\n\t\t\t<div class=\"elementor-widget-wrap elementor-element-populated\">\n\t\t\t\t\t\t<div class=\"elementor-element elementor-element-8cfe904 textcolor elementor-widget elementor-widget-heading\" data-id=\"8cfe904\" data-element_type=\"widget\" data-e-type=\"widget\" data-widget_type=\"heading.default\">\n\t\t\t\t<div class=\"elementor-widget-container\">\n\t\t\t\t\t<h2 class=\"elementor-heading-title elementor-size-default\">Datenschutzerkl\u00e4rung<\/h2>\t\t\t\t<\/div>\n\t\t\t\t<\/div>\n\t\t\t\t<div class=\"elementor-element elementor-element-8c0d0fb textcolor elementor-widget elementor-widget-text-editor\" data-id=\"8c0d0fb\" data-element_type=\"widget\" data-e-type=\"widget\" data-widget_type=\"text-editor.default\">\n\t\t\t\t<div class=\"elementor-widget-container\">\n\t\t\t\t\t\t\t\t\tEigent\u00fcmerin und Betreiberin der Website <u>www.lavoirie.ch<\/u> ist die Dienststelle f\u00fcr Kultur der Stadt Biel. Die nachstehend aufgef\u00fchrten rechtlichen Hinweise gelten ausschliesslich f\u00fcr Inhalte, die unter <u>www.lavoirie.ch<\/u> aufgerufen werden k\u00f6nnen.\r\n\r\n\r\n<br><br>\r\n<strong>Haftungsausschluss<\/strong>\r\n<br><br>\r\nDie Stadt Biel kann nicht gew\u00e4hrleisten, dass die von ihr auf dem Internet zur Verf\u00fcgung gestellten Informationen jederzeit aktuell, detailgenau und vollst\u00e4ndig sind und alle erdenklichen Sachverhalte ber\u00fccksichtigen. Insbesondere hat die Stadt Biel keinen Einfluss auf \u00fcber Links von anderen Informationsanbietern zug\u00e4nglich gemachte Informationen und lehnt deshalb jede Verantwortung f\u00fcr Web-Seiten Dritter ab.\r\n<br><br>\r\nAlle Angebote sind unverbindlich.\r\n<br><br>\r\nHaftungsanspr\u00fcche gegen die Stadt Biel wegen Sch\u00e4den materieller oder immaterieller Art, welche aus dem Zugriff oder der Nutzung bzw. Nichtnutzung der ver\u00f6ffentlichten Informationen, durch Missbrauch der Verbindung oder durch technische St\u00f6rungen entstanden sind, werden ausgeschlossen.<br>\r\nDie Stadtverwaltung Biel \u00fcbernimmt keine Garantie f\u00fcr den Betrieb der Website <u>www.lavoirie.ch<\/u> und schliesst jede Haftung f\u00fcr eine allf\u00e4llige Sch\u00e4digung von Hard- oder Software durch Viren oder technische Probleme irgendwelcher Art aus. Der Zugriff auf <u>www.lavoirie.ch<\/u> geschieht auf eigene Verantwortung und Gefahr.\r\n<br><br>\r\n<strong>Urheberrechte<\/strong>\r\n<br><br>\r\nDie Urheber- und alle anderen Rechte an Textinhalten, Illustrationen, Logos, Bildern, Fotos, Videos, Tondokumente, Grafiken, Layout oder anderen Dateien auf der Website geh\u00f6ren ausschliesslich der Stadt Biel oder den speziell genannten Rechtsinhaber*innen. Die auf dieser Website zur Verf\u00fcgung gestellte Informationen d\u00fcrfen deshalb nur angesehen, zum Eigengebrauch heruntergeladen und ausgedruckt werden. Damit werden ausdr\u00fccklich keine weiteren Rechte bez\u00fcglich der Inhalte \u00fcbertragen. F\u00fcr die Reproduktion jeglicher Elemente ist die schriftliche Zustimmung der Urheberrechtstr\u00e4ger*innen im Voraus einzuholen.\r\n\r\n<br><br>\r\n<strong>Datenschutz<\/strong>\r\n<br><br>\r\nPersonendaten werden vertraulich gem\u00e4ss den geltenden Gesetzen behandelt. Die Nutzung unserer Website ist in der Regel ohne Angabe personenbezogener Daten m\u00f6glich. Wenn Sie unsere Website besuchen oder die Formulare in unserem Online-Schalter nutzen oder mit uns korrespondieren, erheben wir die Daten, um unsere Dienstleistungen f\u00fcr Sie zu optimieren. Soweit auf unseren Seiten personenbezogene Daten (beispielsweise Name, Anschrift oder E-Mail-Adressen) erhoben werden, erfolgt dies, soweit m\u00f6glich, stets auf freiwilliger Basis. Diese Daten werden ohne Ihre ausdr\u00fcckliche Zustimmung nicht an Dritte weitergegeben.\r\n<br><br>\r\nGesch\u00e4fte, die online abgewickelt werden, unterliegen bez\u00fcglich des Datenschutzes den selben Bestimmungen wie konventionell (am Schalter oder brieflich) abgewickelte Gesch\u00e4fte. Die gesetzlichen Bestimmungen des Datenschutzes sind in vollem Umfang eingehalten.\t\t\t\t\t\t\t\t<\/div>\n\t\t\t\t<\/div>\n\t\t\t\t\t<\/div>\n\t\t<\/div>\n\t\t\t\t\t<\/div>\n\t\t<\/section>\n\t\t\t\t<\/div>\n\t\t","protected":false},"excerpt":{"rendered":"<p>Datenschutzerkl\u00e4rung Eigent\u00fcmerin und Betreiberin der Website www.lavoirie.ch ist die Dienststelle f\u00fcr Kultur der Stadt Biel. Die nachstehend aufgef\u00fchrten rechtlichen Hinweise gelten ausschliesslich f\u00fcr Inhalte, die unter www.lavoirie.ch aufgerufen werden k\u00f6nnen. Haftungsausschluss Die Stadt Biel kann nicht gew\u00e4hrleisten, dass die von ihr auf dem Internet zur Verf\u00fcgung gestellten Informationen jederzeit aktuell, detailgenau und vollst\u00e4ndig sind und &hellip; <a href=\"https:\/\/lavoirie.ch\/de\/deutsch\/\">Continued<\/a><\/p>\n","protected":false},"author":1,"featured_media":0,"parent":0,"menu_order":0,"comment_status":"closed","ping_status":"closed","template":"","meta":{"_acf_changed":false,"footnotes":""},"class_list":["post-1688","page","type-page","status-publish","hentry"],"acf":[],"_links":{"self":[{"href":"https:\/\/lavoirie.ch\/de\/wp-json\/wp\/v2\/pages\/1688","targetHints":{"allow":["GET"]}}],"collection":[{"href":"https:\/\/lavoirie.ch\/de\/wp-json\/wp\/v2\/pages"}],"about":[{"href":"https:\/\/lavoirie.ch\/de\/wp-json\/wp\/v2\/types\/page"}],"author":[{"embeddable":true,"href":"https:\/\/lavoirie.ch\/de\/wp-json\/wp\/v2\/users\/1"}],"replies":[{"embeddable":true,"href":"https:\/\/lavoirie.ch\/de\/wp-json\/wp\/v2\/comments?post=1688"}],"version-history":[{"count":56,"href":"https:\/\/lavoirie.ch\/de\/wp-json\/wp\/v2\/pages\/1688\/revisions"}],"predecessor-version":[{"id":6312,"href":"https:\/\/lavoirie.ch\/de\/wp-json\/wp\/v2\/pages\/1688\/revisions\/6312"}],"wp:attachment":[{"href":"https:\/\/lavoirie.ch\/de\/wp-json\/wp\/v2\/media?parent=1688"}],"curies":[{"name":"wp","href":"https:\/\/api.w.org\/{rel}","templated":true}]}}